{"id":11,"date":"2018-08-13T21:32:20","date_gmt":"2018-08-13T21:32:20","guid":{"rendered":"https:\/\/majormedical.wordpress.com\/?page_id=4"},"modified":"2024-09-12T09:29:33","modified_gmt":"2024-09-12T08:29:33","slug":"home","status":"publish","type":"page","link":"https:\/\/majormedical.hu\/","title":{"rendered":"C\u00e9gbemutat\u00f3"},"content":{"rendered":"<p style=\"text-align: center;\">C\u00e9lunk a XXI. sz\u00e1zad k\u00e9rd\u00e9seire, XXI. sz\u00e1zadi megold\u00e1sokat tal\u00e1lni.<\/p>\n<p style=\"text-align: justify;\">A Major Medical Korl\u00e1tolt Felel\u0151ss\u00e9g\u0171 T\u00e1rsas\u00e1g 2017-ben alakult, mint eg\u00e9szs\u00e9g\u00fcgyi szolg\u00e1ltat\u00f3. Szolg\u00e1ltat\u00e1saink k\u00f6z\u00e9 tartozik jelenleg:<\/p>\n<ul>\n<li style=\"text-align: justify;\">Fekv\u0151beteg ell\u00e1t\u00e1st ny\u00fajt\u00f3 k\u00f3rh\u00e1zi int\u00e9zm\u00e9nyek r\u00e9sz\u00e9re \u00e1pol\u00f3i szakszem\u00e9lyzet biztos\u00edt\u00e1sa k\u00f6zel \u00e9vi 30000 \u00f3r\u00e1ban<\/li>\n<li style=\"text-align: justify;\">Rendezv\u00e9nyek eg\u00e9szs\u00e9g\u00fcgyi biztos\u00edt\u00e1sa az orsz\u00e1g eg\u00e9sz ter\u00fclet\u00e9n<\/li>\n<li>Munkahelyi \u00e9s \u00e1ltal\u00e1nos els\u0151seg\u00e9ly, \u00fajra\u00e9leszt\u00e9s (BLS) oktat\u00e1s<\/li>\n<\/ul>\n<p style=\"text-align: justify;\">Ezeken fel\u00fcl minden eg\u00e9szs\u00e9g\u00fcggyel kapcsolatos k\u00e9rd\u00e9sben \u00e1llunk megrendel\u0151ink rendelkez\u00e9s\u00e9re!<\/p>\n<p style=\"text-align: justify;\">Az eg\u00e9szs\u00e9gkult\u00fara fejleszt\u00e9se alapvet\u0151 c\u00e9lunk, \u00edgy az oktat\u00e1sainkat min\u0151s\u00e9gi eszk\u00f6z\u00f6kkel \u00e9s professzion\u00e1lis oktat\u00f3kkal biztos\u00edtjuk int\u00e9zm\u00e9nyek, szervezetek \u00e9s mag\u00e1nszem\u00e9lyek r\u00e9sz\u00e9re egyar\u00e1nt.<\/p>\n<p style=\"text-align: center;\">K\u00e9rj\u00fck tekintse meg <a href=\"https:\/\/majormedical.hu\/index.php\/szolgaltatasok\/\">szolg\u00e1ltat\u00e1sainkat<\/a> \u00e9s <a href=\"https:\/\/majormedical.hu\/index.php\/termekek\/\">term\u00e9keinket<\/a>.<\/p>\n<pre style=\"text-align: right;\"><em>Major Zolt\u00e1n<\/em>\n<em>\u00dcgyvezet\u0151 igazgat\u00f3<\/em><\/pre>\n","protected":false},"excerpt":{"rendered":"<p>C\u00e9lunk a XXI. sz\u00e1zad k\u00e9rd\u00e9seire, XXI. sz\u00e1zadi megold\u00e1sokat tal\u00e1lni. A Major Medical Korl\u00e1tolt Felel\u0151ss\u00e9g\u0171 T\u00e1rsas\u00e1g 2017-ben alakult, mint eg\u00e9szs\u00e9g\u00fcgyi szolg\u00e1ltat\u00f3. Szolg\u00e1ltat\u00e1saink k\u00f6z\u00e9 tartozik jelenleg: Fekv\u0151beteg ell\u00e1t\u00e1st ny\u00fajt\u00f3 k\u00f3rh\u00e1zi int\u00e9zm\u00e9nyek r\u00e9sz\u00e9re \u00e1pol\u00f3i szakszem\u00e9lyzet biztos\u00edt\u00e1sa k\u00f6zel \u00e9vi 30000 \u00f3r\u00e1ban Rendezv\u00e9nyek eg\u00e9szs\u00e9g\u00fcgyi biztos\u00edt\u00e1sa az orsz\u00e1g eg\u00e9sz ter\u00fclet\u00e9n Munkahelyi \u00e9s \u00e1ltal\u00e1nos els\u0151seg\u00e9ly, \u00fajra\u00e9leszt\u00e9s (BLS) oktat\u00e1s Ezeken fel\u00fcl minden eg\u00e9szs\u00e9g\u00fcggyel [&hellip;]<\/p>\n","protected":false},"author":1,"featured_media":487,"parent":0,"menu_order":1,"comment_status":"closed","ping_status":"closed","template":"","meta":{"om_disable_all_campaigns":false,"_monsterinsights_skip_tracking":false,"_monsterinsights_sitenote_active":false,"_monsterinsights_sitenote_note":"","_monsterinsights_sitenote_category":0,"footnotes":""},"class_list":["post-11","page","type-page","status-publish","has-post-thumbnail","czr-hentry"],"aioseo_notices":[],"_links":{"self":[{"href":"https:\/\/majormedical.hu\/index.php\/wp-json\/wp\/v2\/pages\/11","targetHints":{"allow":["GET"]}}],"collection":[{"href":"https:\/\/majormedical.hu\/index.php\/wp-json\/wp\/v2\/pages"}],"about":[{"href":"https:\/\/majormedical.hu\/index.php\/wp-json\/wp\/v2\/types\/page"}],"author":[{"embeddable":true,"href":"https:\/\/majormedical.hu\/index.php\/wp-json\/wp\/v2\/users\/1"}],"replies":[{"embeddable":true,"href":"https:\/\/majormedical.hu\/index.php\/wp-json\/wp\/v2\/comments?post=11"}],"version-history":[{"count":5,"href":"https:\/\/majormedical.hu\/index.php\/wp-json\/wp\/v2\/pages\/11\/revisions"}],"predecessor-version":[{"id":552,"href":"https:\/\/majormedical.hu\/index.php\/wp-json\/wp\/v2\/pages\/11\/revisions\/552"}],"wp:featuredmedia":[{"embeddable":true,"href":"https:\/\/majormedical.hu\/index.php\/wp-json\/wp\/v2\/media\/487"}],"wp:attachment":[{"href":"https:\/\/majormedical.hu\/index.php\/wp-json\/wp\/v2\/media?parent=11"}],"curies":[{"name":"wp","href":"https:\/\/api.w.org\/{rel}","templated":true}]}}