{"id":19,"date":"2018-08-14T10:21:41","date_gmt":"2018-08-14T10:21:41","guid":{"rendered":"https:\/\/majormedical.wordpress.com\/?page_id=19"},"modified":"2025-05-20T16:38:57","modified_gmt":"2025-05-20T15:38:57","slug":"termekek","status":"publish","type":"page","link":"https:\/\/majormedical.hu\/index.php\/termekek\/","title":{"rendered":"Term\u00e9kek"},"content":{"rendered":"<p style=\"text-align: center;\">A felt\u00fcntetett \u00e1rak brutt\u00f3 \u00f6sszegek \u00e9s 0% \u00e1f\u00e1t tartalmaznak!<\/p>\n<p style=\"text-align: center;\"><strong>Medtronic\u00a0<b>Physio-Control<\/b> Lifepak 500<br \/>AED f\u00e9lautomata defibrill\u00e1tor:<\/strong> <strong><span style=\"color: #ff0000;\">349.000 Ft<\/span><\/strong><\/p>\n<p><img loading=\"lazy\" decoding=\"async\" class=\"wp-image-33 alignleft\" src=\"http:\/\/majormedical.hu\/wp-content\/uploads\/2018\/08\/lifepak-500-aed-wit.jpg\" alt=\"Lifepak-500-AED-wit\" width=\"283\" height=\"189\" srcset=\"https:\/\/majormedical.hu\/wp-content\/uploads\/2018\/08\/lifepak-500-aed-wit.jpg 1000w, https:\/\/majormedical.hu\/wp-content\/uploads\/2018\/08\/lifepak-500-aed-wit-350x234.jpg 350w, https:\/\/majormedical.hu\/wp-content\/uploads\/2018\/08\/lifepak-500-aed-wit-300x201.jpg 300w, https:\/\/majormedical.hu\/wp-content\/uploads\/2018\/08\/lifepak-500-aed-wit-768x514.jpg 768w\" sizes=\"auto, (max-width: 283px) 100vw, 283px\" \/><\/p>\n<p style=\"text-align: justify;\">Tulajdons\u00e1gok: AED \u00fczemm\u00f3d, max. 360J bif\u00e1zisos energia lead\u00e1s\u00e1ra k\u00e9pes, magyar nyelv\u0171 hangutas\u00edt\u00e1sok (b\u00e1rmely m\u00e1s nyelven is k\u00e9rhet\u0151), egyszerhaszn\u00e1latos elektr\u00f3d\u00e1kkal, 1 db elemmel, hordt\u00e1sk\u00e1val, v\u00e1llp\u00e1nttal, \u00e9rv\u00e9nyes bevizsg\u00e1l\u00e1si jegyz\u0151k\u00f6nyvvel. A k\u00e9sz\u00fcl\u00e9kre az elem \u00e9s e.h. elektr\u00f3da kiv\u00e9tel\u00e9vel <strong>3 \u00e9v garancia<\/strong> \u00e1ll rendelkez\u00e9sre.<\/p>\n<hr \/>\n<p style=\"text-align: center;\"><b>Medtronic Physio-Control Lifepak 12<br \/>Diagnosztikai monitor \u00e9s defibrill\u00e1tor:<\/b> <strong><span style=\"color: #ff0000;\">450.000Ft-t\u00f3l.<\/span><\/strong><\/p>\n<p style=\"text-align: justify;\"><img loading=\"lazy\" decoding=\"async\" class=\" wp-image-34 alignleft\" src=\"http:\/\/majormedical.hu\/wp-content\/uploads\/2018\/08\/lifepak-12.jpg\" alt=\"lifepak-12\" width=\"287\" height=\"234\" srcset=\"https:\/\/majormedical.hu\/wp-content\/uploads\/2018\/08\/lifepak-12.jpg 470w, https:\/\/majormedical.hu\/wp-content\/uploads\/2018\/08\/lifepak-12-350x285.jpg 350w, https:\/\/majormedical.hu\/wp-content\/uploads\/2018\/08\/lifepak-12-300x244.jpg 300w\" sizes=\"auto, (max-width: 287px) 100vw, 287px\" \/>Lehet\u0151s\u00e9gek: Manu\u00e1lis \u00e9s AED \u00fczemm\u00f3d, hangutas\u00edt\u00e1sok, NiBP, CO2, SpO2, 12 lead, IBP, ICP, defibrill\u00e1l\u00e1s (Bif\u00e1zisos), pacemaker funkci\u00f3, szinkron kardioverzi\u00f3, 3-4 csatorn\u00e1s ECG nyomtat\u00e1s anal\u00edzissel, defibrill\u00e1tor lap\u00e1tok, ter\u00e1pi\u00e1s k\u00e1bel, 12 elvezet\u00e9ses \u00e9s 4 eres k\u00e1bel, NiBP mandzsetta \u00e9s k\u00e1bel, SpO2 szonda (ujj csipesz), invaz\u00edv nyom\u00e1sm\u00e9r\u0151 t\u00f6rzsk\u00e1bel, 230V t\u00f6lt\u0151, Li-Ion akkumul\u00e1tor. A k\u00e9sz\u00fcl\u00e9kre 1 \u00e9v garanci\u00e1t v\u00e1llalunk. A k\u00e9sz\u00fcl\u00e9keken minim\u00e1lis haszn\u00e1latb\u00f3l ered\u0151 nyomok l\u00e1that\u00f3ak lehetnek.<\/p>\n<hr \/>\n<p style=\"text-align: center;\">N\u00e9vre sz\u00f3l\u00f3 \u00e1raj\u00e1nlatot az\u00a0<a href=\"mailto:info@majormedical.hu\">info@majormedical.hu<\/a> e-mail c\u00edmen vagy a <a href=\"callto:+36205955266\">+36205955266<\/a> telefonsz\u00e1mon k\u00e9rhet.<\/p>\n\n\n<figure class=\"wp-block-gallery has-nested-images columns-default is-cropped wp-block-gallery-1 is-layout-flex wp-block-gallery-is-layout-flex\"><\/figure>\n","protected":false},"excerpt":{"rendered":"<p>A felt\u00fcntetett \u00e1rak brutt\u00f3 \u00f6sszegek \u00e9s 0% \u00e1f\u00e1t tartalmaznak! Medtronic\u00a0Physio-Control Lifepak 500AED f\u00e9lautomata defibrill\u00e1tor: 349.000 Ft Tulajdons\u00e1gok: AED \u00fczemm\u00f3d, max. 360J bif\u00e1zisos energia lead\u00e1s\u00e1ra k\u00e9pes, magyar nyelv\u0171 hangutas\u00edt\u00e1sok (b\u00e1rmely m\u00e1s nyelven is k\u00e9rhet\u0151), egyszerhaszn\u00e1latos elektr\u00f3d\u00e1kkal, 1 db elemmel, hordt\u00e1sk\u00e1val, v\u00e1llp\u00e1nttal, \u00e9rv\u00e9nyes bevizsg\u00e1l\u00e1si jegyz\u0151k\u00f6nyvvel. A k\u00e9sz\u00fcl\u00e9kre az elem \u00e9s e.h. elektr\u00f3da kiv\u00e9tel\u00e9vel 3 \u00e9v garancia \u00e1ll [&hellip;]<\/p>\n","protected":false},"author":1,"featured_media":0,"parent":0,"menu_order":0,"comment_status":"closed","ping_status":"closed","template":"","meta":{"om_disable_all_campaigns":false,"_monsterinsights_skip_tracking":false,"_monsterinsights_sitenote_active":false,"_monsterinsights_sitenote_note":"","_monsterinsights_sitenote_category":0,"footnotes":""},"class_list":["post-19","page","type-page","status-publish","czr-hentry"],"aioseo_notices":[],"_links":{"self":[{"href":"https:\/\/majormedical.hu\/index.php\/wp-json\/wp\/v2\/pages\/19","targetHints":{"allow":["GET"]}}],"collection":[{"href":"https:\/\/majormedical.hu\/index.php\/wp-json\/wp\/v2\/pages"}],"about":[{"href":"https:\/\/majormedical.hu\/index.php\/wp-json\/wp\/v2\/types\/page"}],"author":[{"embeddable":true,"href":"https:\/\/majormedical.hu\/index.php\/wp-json\/wp\/v2\/users\/1"}],"replies":[{"embeddable":true,"href":"https:\/\/majormedical.hu\/index.php\/wp-json\/wp\/v2\/comments?post=19"}],"version-history":[{"count":17,"href":"https:\/\/majormedical.hu\/index.php\/wp-json\/wp\/v2\/pages\/19\/revisions"}],"predecessor-version":[{"id":557,"href":"https:\/\/majormedical.hu\/index.php\/wp-json\/wp\/v2\/pages\/19\/revisions\/557"}],"wp:attachment":[{"href":"https:\/\/majormedical.hu\/index.php\/wp-json\/wp\/v2\/media?parent=19"}],"curies":[{"name":"wp","href":"https:\/\/api.w.org\/{rel}","templated":true}]}}