{"id":21,"date":"2018-08-14T10:21:45","date_gmt":"2018-08-14T10:21:45","guid":{"rendered":"https:\/\/majormedical.wordpress.com\/?page_id=21"},"modified":"2018-12-04T19:59:52","modified_gmt":"2018-12-04T18:59:52","slug":"kapcsolat","status":"publish","type":"page","link":"https:\/\/majormedical.hu\/index.php\/kapcsolat\/","title":{"rendered":"Kapcsolat"},"content":{"rendered":"<div class=\"wpforms-container wpforms-container-full\" id=\"wpforms-461\"><form id=\"wpforms-form-461\" class=\"wpforms-validate wpforms-form\" data-formid=\"461\" method=\"post\" enctype=\"multipart\/form-data\" action=\"\/index.php\/wp-json\/wp\/v2\/pages\/21\" data-token=\"7e0b254a0ffb658c9370438949ca6123\" data-token-time=\"1775770766\"><noscript class=\"wpforms-error-noscript\">Please enable JavaScript in your browser to complete this form.<\/noscript><div class=\"wpforms-field-container\"><div id=\"wpforms-461-field_0-container\" class=\"wpforms-field wpforms-field-name\" data-field-id=\"0\"><label class=\"wpforms-field-label\" for=\"wpforms-461-field_0\">N\u00e9v <span class=\"wpforms-required-label\">*<\/span><\/label><input type=\"text\" id=\"wpforms-461-field_0\" class=\"wpforms-field-medium wpforms-field-required\" name=\"wpforms[fields][0]\" required><div class=\"wpforms-field-description\">K\u00e9rem adja meg a nev\u00e9t.<\/div><\/div>\t\t<div id=\"wpforms-461-field_4-container\"\n\t\t\tclass=\"wpforms-field wpforms-field-text\"\n\t\t\tdata-field-type=\"text\"\n\t\t\tdata-field-id=\"4\"\n\t\t\t>\n\t\t\t<label class=\"wpforms-field-label\" for=\"wpforms-461-field_4\" >Miben \u00d6nnek? Email<\/label>\n\t\t\t<input type=\"text\" id=\"wpforms-461-field_4\" class=\"wpforms-field-medium\" name=\"wpforms[fields][4]\" >\n\t\t<\/div>\n\t\t<div id=\"wpforms-461-field_1-container\" class=\"wpforms-field wpforms-field-email\" data-field-id=\"1\"><label class=\"wpforms-field-label\" for=\"wpforms-461-field_1\">Email c\u00edm <span class=\"wpforms-required-label\">*<\/span><\/label><input type=\"email\" id=\"wpforms-461-field_1\" class=\"wpforms-field-medium wpforms-field-required\" name=\"wpforms[fields][1]\" spellcheck=\"false\" required><div class=\"wpforms-field-description\">K\u00e9rem adja meg az E-mail c\u00edm\u00e9t<\/div><\/div><div id=\"wpforms-461-field_3-container\" class=\"wpforms-field wpforms-field-checkbox\" data-field-id=\"3\"><label class=\"wpforms-field-label\">Miben tudunk seg\u00edteni \u00d6nnek?<\/label><ul id=\"wpforms-461-field_3\"><li class=\"choice-1 depth-1\"><input type=\"checkbox\" id=\"wpforms-461-field_3_1\" name=\"wpforms[fields][3][]\" value=\"Rendezv\u00e9nybiztos\u00edt\u00e1s\"  ><label class=\"wpforms-field-label-inline\" for=\"wpforms-461-field_3_1\">Rendezv\u00e9nybiztos\u00edt\u00e1s<\/label><\/li><li class=\"choice-2 depth-1\"><input type=\"checkbox\" id=\"wpforms-461-field_3_2\" name=\"wpforms[fields][3][]\" value=\"\u0150rz\u00f6tt sz\u00e1ll\u00edt\u00e1s\"  ><label class=\"wpforms-field-label-inline\" for=\"wpforms-461-field_3_2\">\u0150rz\u00f6tt sz\u00e1ll\u00edt\u00e1s<\/label><\/li><li class=\"choice-3 depth-1\"><input type=\"checkbox\" id=\"wpforms-461-field_3_3\" name=\"wpforms[fields][3][]\" value=\"Oktat\u00e1s\"  ><label class=\"wpforms-field-label-inline\" for=\"wpforms-461-field_3_3\">Oktat\u00e1s<\/label><\/li><li class=\"choice-4 depth-1\"><input type=\"checkbox\" id=\"wpforms-461-field_3_4\" name=\"wpforms[fields][3][]\" value=\"Egy\u00e9b\"  ><label class=\"wpforms-field-label-inline\" for=\"wpforms-461-field_3_4\">Egy\u00e9b<\/label><\/li><\/ul><\/div><div id=\"wpforms-461-field_2-container\" class=\"wpforms-field wpforms-field-textarea\" data-field-id=\"2\"><label class=\"wpforms-field-label\" for=\"wpforms-461-field_2\">\u00dczenet <span class=\"wpforms-required-label\">*<\/span><\/label><textarea id=\"wpforms-461-field_2\" class=\"wpforms-field-medium wpforms-field-required\" name=\"wpforms[fields][2]\" required><\/textarea><\/div><script>\n\t\t\t\t( function() {\n\t\t\t\t\tconst style = document.createElement( 'style' );\n\t\t\t\t\tstyle.appendChild( document.createTextNode( '#wpforms-461-field_4-container { position: absolute !important; overflow: hidden !important; display: inline !important; height: 1px !important; width: 1px !important; z-index: -1000 !important; padding: 0 !important; } #wpforms-461-field_4-container input { visibility: hidden; } #wpforms-conversational-form-page #wpforms-461-field_4-container label { counter-increment: none; }' ) );\n\t\t\t\t\tdocument.head.appendChild( style );\n\t\t\t\t\tdocument.currentScript?.remove();\n\t\t\t\t} )();\n\t\t\t<\/script><\/div><!-- .wpforms-field-container --><div class=\"wpforms-recaptcha-container wpforms-is-recaptcha wpforms-is-recaptcha-type-invisible\" ><div class=\"g-recaptcha\" data-sitekey=\"6Ldxkj8qAAAAAKm6SwP4xxD58nyVuva2Phb2KztN\" data-size=\"invisible\"><\/div><\/div><div class=\"wpforms-submit-container\" ><input type=\"hidden\" name=\"wpforms[id]\" value=\"461\"><input type=\"hidden\" name=\"page_title\" value=\"\"><input type=\"hidden\" name=\"page_url\" value=\"https:\/\/majormedical.hu\/index.php\/wp-json\/wp\/v2\/pages\/21\"><input type=\"hidden\" name=\"url_referer\" value=\"\"><button type=\"submit\" name=\"wpforms[submit]\" id=\"wpforms-submit-461\" class=\"wpforms-submit\" data-alt-text=\"\u00dczenet k\u00fcld\u00e9se\" data-submit-text=\"K\u00fcld\u00e9s\" aria-live=\"assertive\" value=\"wpforms-submit\">K\u00fcld\u00e9s<\/button><\/div><\/form><\/div>  <!-- .wpforms-container -->\n<p style=\"text-align: center;\">Aj\u00e1nlatk\u00e9r\u00e9s: <a href=\"mailto:info@majormedical.hu\">info@majormedical.hu<\/a><\/p>\n<p style=\"text-align: center;\">Telefon: <a href=\"callto:+36205955266\">+36205955266<\/a><\/p>\n<p style=\"text-align: center;\">Lev\u00e9lc\u00edm: H-1184 Budapest, Dolgoz\u00f3 \u00fat 8\/b fsz.1<\/p>\n<p><!-- Load Facebook SDK for JavaScript --><\/p>\n<div id=\"fb-root\"><\/div>\n<p><script>(function(d, s, id) {<br \/>\n  var js, fjs = d.getElementsByTagName(s)[0];<br \/>\n  if (d.getElementById(id)) return;<br \/>\n  js = d.createElement(s); js.id = id;<br \/>\n  js.src = 'https:\/\/connect.facebook.net\/hu_HU\/sdk\/xfbml.customerchat.js#xfbml=1&version=v2.12&autoLogAppEvents=1';<br \/>\n  fjs.parentNode.insertBefore(js, fjs);<br \/>\n}(document, 'script', 'facebook-jssdk'));<\/script><\/p>\n<p><!-- Your customer chat code --><\/p>\n<div class=\"fb-customerchat\"><\/div>\n","protected":false},"excerpt":{"rendered":"<p>Aj\u00e1nlatk\u00e9r\u00e9s: info@majormedical.hu Telefon: +36205955266 Lev\u00e9lc\u00edm: H-1184 Budapest, Dolgoz\u00f3 \u00fat 8\/b fsz.1<\/p>\n","protected":false},"author":1,"featured_media":0,"parent":0,"menu_order":0,"comment_status":"closed","ping_status":"closed","template":"","meta":{"om_disable_all_campaigns":false,"_monsterinsights_skip_tracking":false,"_monsterinsights_sitenote_active":false,"_monsterinsights_sitenote_note":"","_monsterinsights_sitenote_category":0,"footnotes":""},"class_list":["post-21","page","type-page","status-publish","czr-hentry"],"aioseo_notices":[],"_links":{"self":[{"href":"https:\/\/majormedical.hu\/index.php\/wp-json\/wp\/v2\/pages\/21","targetHints":{"allow":["GET"]}}],"collection":[{"href":"https:\/\/majormedical.hu\/index.php\/wp-json\/wp\/v2\/pages"}],"about":[{"href":"https:\/\/majormedical.hu\/index.php\/wp-json\/wp\/v2\/types\/page"}],"author":[{"embeddable":true,"href":"https:\/\/majormedical.hu\/index.php\/wp-json\/wp\/v2\/users\/1"}],"replies":[{"embeddable":true,"href":"https:\/\/majormedical.hu\/index.php\/wp-json\/wp\/v2\/comments?post=21"}],"version-history":[{"count":5,"href":"https:\/\/majormedical.hu\/index.php\/wp-json\/wp\/v2\/pages\/21\/revisions"}],"predecessor-version":[{"id":488,"href":"https:\/\/majormedical.hu\/index.php\/wp-json\/wp\/v2\/pages\/21\/revisions\/488"}],"wp:attachment":[{"href":"https:\/\/majormedical.hu\/index.php\/wp-json\/wp\/v2\/media?parent=21"}],"curies":[{"name":"wp","href":"https:\/\/api.w.org\/{rel}","templated":true}]}}